{"id":1367,"date":"2021-02-17T13:23:37","date_gmt":"2021-02-17T13:23:37","guid":{"rendered":"https:\/\/ilduomoassisi.shopagile.it\/?post_type=product&#038;p=1367"},"modified":"2021-02-17T13:23:37","modified_gmt":"2021-02-17T13:23:37","slug":"medaglia-pieta-oro-18-kt","status":"publish","type":"product","link":"https:\/\/artesacrailduomoassisi.it\/en\/prodotto\/medaglia-pieta-oro-18-kt\/","title":{"rendered":"Medaglia Piet\u00e0 Oro 18 Kt"},"content":{"rendered":"<p>Medaglia Piet\u00e0 realizzata con la tecnica del conio, prodotta in Italia. Disponibile in pi\u00f9 misure in Argento 925 e Oro 18 Kt. Possibilit\u00e0 di personalizzare il retro con un incisione.<\/p>\n","protected":false},"excerpt":{"rendered":"<p>Medaglia Piet\u00e0 realizzata con la tecnica del conio, prodotta in Italia. Disponibile in pi\u00f9 misure in Argento 925 e Oro 18 Kt. Possibilit\u00e0 di personalizzare il retro con un incisione.<\/p>\n","protected":false},"featured_media":1368,"template":"","meta":[],"yoast_head":"<!-- This site is optimized with the Yoast SEO plugin v15.3 - https:\/\/yoast.com\/wordpress\/plugins\/seo\/ -->\n<title>Medaglia Piet\u00e0 Oro 18 Kt - Gallo Nero - Il Duomo di Assisi<\/title>\n<meta name=\"description\" content=\"Medaglia Piet\u00e0 realizzata con la tecnica del conio, prodotta in Italia. Disponibile in pi\u00f9 misure in Argento 925 e Oro 18 Kt. Possibilit\u00e0 di personalizzare il retro con un incisione.\" \/>\n<meta name=\"robots\" content=\"index, follow, max-snippet:-1, max-image-preview:large, max-video-preview:-1\" \/>\n<link rel=\"canonical\" href=\"https:\/\/artesacrailduomoassisi.it\/en\/prodotto\/medaglia-pieta-oro-18-kt\/\" \/>\n<meta property=\"og:locale\" content=\"en_US\" \/>\n<meta property=\"og:type\" content=\"article\" \/>\n<meta property=\"og:title\" content=\"Medaglia Piet\u00e0 Oro 18 Kt - Gallo Nero - Il Duomo di Assisi\" \/>\n<meta property=\"og:description\" content=\"Medaglia Piet\u00e0 realizzata con la tecnica del conio, prodotta in Italia. Disponibile in pi\u00f9 misure in Argento 925 e Oro 18 Kt. Possibilit\u00e0 di personalizzare il retro con un incisione.\" \/>\n<meta property=\"og:url\" content=\"https:\/\/artesacrailduomoassisi.it\/en\/prodotto\/medaglia-pieta-oro-18-kt\/\" \/>\n<meta property=\"og:site_name\" content=\"Gallo Nero - Il Duomo di Assisi\" \/>\n<meta property=\"og:image\" content=\"https:\/\/artesacrailduomoassisi.it\/wp-content\/uploads\/2021\/02\/pieta\u0300-oro.jpg\" \/>\n\t<meta property=\"og:image:width\" content=\"1280\" \/>\n\t<meta property=\"og:image:height\" content=\"1280\" \/>\n<meta name=\"twitter:card\" content=\"summary_large_image\" \/>\n<meta name=\"twitter:label1\" content=\"Written by\">\n\t<meta name=\"twitter:data1\" content=\"Gallo Nero\">\n\t<meta name=\"twitter:label2\" content=\"Est. reading time\">\n\t<meta name=\"twitter:data2\" content=\"0 minutes\">\n<script type=\"application\/ld+json\" class=\"yoast-schema-graph\">{\"@context\":\"https:\/\/schema.org\",\"@graph\":[{\"@type\":\"WebSite\",\"@id\":\"https:\/\/artesacrailduomoassisi.it\/#website\",\"url\":\"https:\/\/artesacrailduomoassisi.it\/\",\"name\":\"Gallo Nero - Il Duomo di Assisi\",\"description\":\"Prodotti di arte sacra ad Assisi. Collezionismo scacchiere, soldatini, bastoni, clessidre, presepi, statue in legno, calici, stole, tavole dipinte\",\"potentialAction\":[{\"@type\":\"SearchAction\",\"target\":\"https:\/\/artesacrailduomoassisi.it\/?s={search_term_string}\",\"query-input\":\"required name=search_term_string\"}],\"inLanguage\":\"en-US\"},{\"@type\":\"ImageObject\",\"@id\":\"https:\/\/artesacrailduomoassisi.it\/en\/prodotto\/medaglia-pieta-oro-18-kt\/#primaryimage\",\"inLanguage\":\"en-US\",\"url\":\"https:\/\/artesacrailduomoassisi.it\/wp-content\/uploads\/2021\/02\/pieta\\u0300-oro.jpg\",\"width\":1280,\"height\":1280},{\"@type\":\"WebPage\",\"@id\":\"https:\/\/artesacrailduomoassisi.it\/en\/prodotto\/medaglia-pieta-oro-18-kt\/#webpage\",\"url\":\"https:\/\/artesacrailduomoassisi.it\/en\/prodotto\/medaglia-pieta-oro-18-kt\/\",\"name\":\"Medaglia Piet\\u00e0 Oro 18 Kt - Gallo Nero - Il Duomo di Assisi\",\"isPartOf\":{\"@id\":\"https:\/\/artesacrailduomoassisi.it\/#website\"},\"primaryImageOfPage\":{\"@id\":\"https:\/\/artesacrailduomoassisi.it\/en\/prodotto\/medaglia-pieta-oro-18-kt\/#primaryimage\"},\"datePublished\":\"2021-02-17T13:23:37+00:00\",\"dateModified\":\"2021-02-17T13:23:37+00:00\",\"description\":\"Medaglia Piet\\u00e0 realizzata con la tecnica del conio, prodotta in Italia. Disponibile in pi\\u00f9 misure in Argento 925 e Oro 18 Kt. Possibilit\\u00e0 di personalizzare il retro con un incisione.\",\"inLanguage\":\"en-US\",\"potentialAction\":[{\"@type\":\"ReadAction\",\"target\":[\"https:\/\/artesacrailduomoassisi.it\/en\/prodotto\/medaglia-pieta-oro-18-kt\/\"]}]}]}<\/script>\n<!-- \/ Yoast SEO plugin. -->","_links":{"self":[{"href":"https:\/\/artesacrailduomoassisi.it\/en\/wp-json\/wp\/v2\/product\/1367"}],"collection":[{"href":"https:\/\/artesacrailduomoassisi.it\/en\/wp-json\/wp\/v2\/product"}],"about":[{"href":"https:\/\/artesacrailduomoassisi.it\/en\/wp-json\/wp\/v2\/types\/product"}],"wp:featuredmedia":[{"embeddable":true,"href":"https:\/\/artesacrailduomoassisi.it\/en\/wp-json\/wp\/v2\/media\/1368"}],"wp:attachment":[{"href":"https:\/\/artesacrailduomoassisi.it\/en\/wp-json\/wp\/v2\/media?parent=1367"}],"curies":[{"name":"wp","href":"https:\/\/api.w.org\/{rel}","templated":true}]}}